{"id":3562,"date":"2022-05-14T14:34:37","date_gmt":"2022-05-14T14:34:37","guid":{"rendered":"https:\/\/alejandraartiel.com\/?page_id=3562"},"modified":"2025-05-10T11:41:40","modified_gmt":"2025-05-10T11:41:40","slug":"composicion","status":"publish","type":"page","link":"https:\/\/alejandraartiel.com\/en\/composicion\/","title":{"rendered":"FILM SCORING"},"content":{"rendered":"<div class='flex_column av-2kxua2-da0444cb2e6c211245f88981279e5269 av_one_full  avia-builder-el-0  el_before_av_textblock  avia-builder-el-first  first flex_column_div'   ><p>\n<style type=\"text\/css\" data-created_by=\"avia_inline_auto\" id=\"style-css-av-1zf0re-2ae9e856188a8a681800355e00a6755b\">\n#top .hr.hr-invisible.av-1zf0re-2ae9e856188a8a681800355e00a6755b{\nheight:40px;\n}\n<\/style>\n<div  class='hr av-1zf0re-2ae9e856188a8a681800355e00a6755b hr-invisible  avia-builder-el-1  el_before_av_image  avia-builder-el-first'><span class='hr-inner'><span class=\"hr-inner-style\"><\/span><\/span><\/div><br \/>\n\n<style type=\"text\/css\" data-created_by=\"avia_inline_auto\" id=\"style-css-av-m7t25k3v-8767b6b7aac2ec141f6635065257c983\">\n.avia-image-container.av-m7t25k3v-8767b6b7aac2ec141f6635065257c983 .av-image-caption-overlay-center{\ncolor:#ffffff;\n}\n<\/style>\n<div  class='avia-image-container av-m7t25k3v-8767b6b7aac2ec141f6635065257c983 av-styling- avia-align-center  avia-builder-el-2  el_after_av_hr  el_before_av_hr'  itemprop=\"image\" itemscope=\"itemscope\" itemtype=\"https:\/\/schema.org\/ImageObject\" ><div class=\"avia-image-container-inner\"><div class=\"avia-image-overlay-wrap\"><img decoding=\"async\" class='wp-image-4734 avia-img-lazy-loading-not-4734 avia_image' src=\"https:\/\/alejandraartiel.com\/wp-content\/uploads\/2025\/03\/11-Photoroom-e1741004968838-300x113.png\" alt='' title=''  height=\"113\" width=\"300\"  itemprop=\"thumbnailUrl\" srcset=\"https:\/\/alejandraartiel.com\/wp-content\/uploads\/2025\/03\/11-Photoroom-e1741004968838-300x113.png 300w, https:\/\/alejandraartiel.com\/wp-content\/uploads\/2025\/03\/11-Photoroom-e1741004968838-1024x386.png 1024w, https:\/\/alejandraartiel.com\/wp-content\/uploads\/2025\/03\/11-Photoroom-e1741004968838-768x290.png 768w, https:\/\/alejandraartiel.com\/wp-content\/uploads\/2025\/03\/11-Photoroom-e1741004968838-18x7.png 18w, https:\/\/alejandraartiel.com\/wp-content\/uploads\/2025\/03\/11-Photoroom-e1741004968838-705x266.png 705w, https:\/\/alejandraartiel.com\/wp-content\/uploads\/2025\/03\/11-Photoroom-e1741004968838-845x321.png 845w, https:\/\/alejandraartiel.com\/wp-content\/uploads\/2025\/03\/11-Photoroom-e1741004968838-450x170.png 450w, https:\/\/alejandraartiel.com\/wp-content\/uploads\/2025\/03\/11-Photoroom-e1741004968838-600x226.png 600w, https:\/\/alejandraartiel.com\/wp-content\/uploads\/2025\/03\/11-Photoroom-e1741004968838.png 1257w\" sizes=\"(max-width: 300px) 100vw, 300px\" \/><\/div><\/div><\/div><br \/>\n\n<style type=\"text\/css\" data-created_by=\"avia_inline_auto\" id=\"style-css-av-l6uw6a18-3b389c37bf5ada06c9bd6509dede3edb\">\n#top .hr.hr-invisible.av-l6uw6a18-3b389c37bf5ada06c9bd6509dede3edb{\nheight:40px;\n}\n<\/style>\n<div  class='hr av-l6uw6a18-3b389c37bf5ada06c9bd6509dede3edb hr-invisible  avia-builder-el-3  el_after_av_image  avia-builder-el-last'><span class='hr-inner'><span class=\"hr-inner-style\"><\/span><\/span><\/div><\/p><\/div>\n\n<style type=\"text\/css\" data-created_by=\"avia_inline_auto\" id=\"style-css-av-l37ajoi6-e8d8e920948b41a0954181e97de838f6\">\n.av_textblock_section.av-l37ajoi6-e8d8e920948b41a0954181e97de838f6 .avia_textblock{\nfont-size:14px;\n}\n<\/style>\n<section  class='av_textblock_section av-l37ajoi6-e8d8e920948b41a0954181e97de838f6'  itemscope=\"itemscope\" itemtype=\"https:\/\/schema.org\/CreativeWork\" ><div class='avia_textblock'  itemprop=\"text\" ><h6 style=\"text-align: justify;\"><span style=\"color: #ffffff;\">During the years 2020 and 2021 she had the opportunity to work with the film director C\u00e9sar D\u00e9neken (El Jinete Verde) composing the music for two shot movies at the Festival Nuevo Cine Andaluz Contest (M\u00e1laga, Espa\u00f1a). Both short movies, 'Vidas por escribir' and 'Recordar' were highly acclaimed by national and international festivals. Later, she collaborated with D\u00e9neken again to compose the original soundtrack for the short movie ' El Tabique de las Lamentaciones', created by Antonio Rodr\u00edguez.<\/span><\/h6>\n<\/div><\/section>\n\n<style type=\"text\/css\" data-created_by=\"avia_inline_auto\" id=\"style-css-av-l4a4knbn-3f1c8e05246d7cb1bcdd14d15a62be06\">\n#top .hr.hr-invisible.av-l4a4knbn-3f1c8e05246d7cb1bcdd14d15a62be06{\nheight:70px;\n}\n<\/style>\n<div  class='hr av-l4a4knbn-3f1c8e05246d7cb1bcdd14d15a62be06 hr-invisible  avia-builder-el-5  el_after_av_textblock  el_before_av_image'><span class='hr-inner'><span class=\"hr-inner-style\"><\/span><\/span><\/div>\n\n<style type=\"text\/css\" data-created_by=\"avia_inline_auto\" id=\"style-css-av-m7t24nls-0b91739327b2885032a53ebae523bb94\">\n.avia-image-container.av-m7t24nls-0b91739327b2885032a53ebae523bb94 .av-image-caption-overlay-center{\ncolor:#ffffff;\n}\n<\/style>\n<div  class='avia-image-container av-m7t24nls-0b91739327b2885032a53ebae523bb94 av-styling- avia-align-center  avia-builder-el-6  el_after_av_hr  el_before_av_hr'  itemprop=\"image\" itemscope=\"itemscope\" itemtype=\"https:\/\/schema.org\/ImageObject\" ><div class=\"avia-image-container-inner\"><div class=\"avia-image-overlay-wrap\"><img decoding=\"async\" class='wp-image-4737 avia-img-lazy-loading-not-4737 avia_image' src=\"https:\/\/alejandraartiel.com\/wp-content\/uploads\/2025\/03\/15-Photoroom-e1741005131328.png\" alt='' title=''  height=\"108\" width=\"300\"  itemprop=\"thumbnailUrl\" srcset=\"https:\/\/alejandraartiel.com\/wp-content\/uploads\/2025\/03\/15-Photoroom-e1741005131328.png 1175w, https:\/\/alejandraartiel.com\/wp-content\/uploads\/2025\/03\/15-Photoroom-e1741005131328-300x115.png 300w, https:\/\/alejandraartiel.com\/wp-content\/uploads\/2025\/03\/15-Photoroom-e1741005131328-1024x392.png 1024w, https:\/\/alejandraartiel.com\/wp-content\/uploads\/2025\/03\/15-Photoroom-e1741005131328-768x294.png 768w, https:\/\/alejandraartiel.com\/wp-content\/uploads\/2025\/03\/15-Photoroom-e1741005131328-18x7.png 18w, https:\/\/alejandraartiel.com\/wp-content\/uploads\/2025\/03\/15-Photoroom-e1741005131328-705x270.png 705w, https:\/\/alejandraartiel.com\/wp-content\/uploads\/2025\/03\/15-Photoroom-e1741005131328-450x172.png 450w, https:\/\/alejandraartiel.com\/wp-content\/uploads\/2025\/03\/15-Photoroom-e1741005131328-600x230.png 600w\" sizes=\"(max-width: 300px) 100vw, 300px\" \/><\/div><\/div><\/div>\n\n<style type=\"text\/css\" data-created_by=\"avia_inline_auto\" id=\"style-css-av-m9oklvuo-a19396e7d6e181fa5de407429edea699\">\n#top .hr.hr-invisible.av-m9oklvuo-a19396e7d6e181fa5de407429edea699{\nheight:80px;\n}\n<\/style>\n<div  class='hr av-m9oklvuo-a19396e7d6e181fa5de407429edea699 hr-invisible  avia-builder-el-7  el_after_av_image  el_before_av_one_fourth'><span class='hr-inner'><span class=\"hr-inner-style\"><\/span><\/span><\/div>\n<div class='flex_column av-6jt0lm-a67c1f2e9632d537bbdbb33012b185b5 av_one_fourth  avia-builder-el-8  el_after_av_hr  el_before_av_three_fourth  first flex_column_div'   ><p>\n<style type=\"text\/css\" data-created_by=\"avia_inline_auto\" id=\"style-css-av-m9okpxka-816d0e99dade2280cb98539eaba20387\">\n#top .hr.hr-invisible.av-m9okpxka-816d0e99dade2280cb98539eaba20387{\nheight:25px;\n}\n<\/style>\n<div  class='hr av-m9okpxka-816d0e99dade2280cb98539eaba20387 hr-invisible  avia-builder-el-9  el_before_av_image  avia-builder-el-first'><span class='hr-inner'><span class=\"hr-inner-style\"><\/span><\/span><\/div><br \/>\n\n<style type=\"text\/css\" data-created_by=\"avia_inline_auto\" id=\"style-css-av-l6uvaf0t-bf6e71a281ea7cb8c9cc99cd1ac216ba\">\n.avia-image-container.av-l6uvaf0t-bf6e71a281ea7cb8c9cc99cd1ac216ba .av-image-caption-overlay-center{\ncolor:#ffffff;\n}\n<\/style>\n<div  class='avia-image-container av-l6uvaf0t-bf6e71a281ea7cb8c9cc99cd1ac216ba av-styling- avia-align-center  avia-builder-el-10  el_after_av_hr  avia-builder-el-last'  itemprop=\"image\" itemscope=\"itemscope\" itemtype=\"https:\/\/schema.org\/ImageObject\" ><div class=\"avia-image-container-inner\"><div class=\"avia-image-overlay-wrap\"><a href=\"\/en\/manually\/\" class='avia_image' target=\"_blank\" rel=\"noopener noreferrer\"><img decoding=\"async\" width=\"207\" height=\"300\" class='wp-image-4510 avia-img-lazy-loading-not-4510 avia_image' src=\"https:\/\/alejandraartiel.com\/wp-content\/uploads\/2022\/08\/121272153_10224773952440171_6165714116090423604_o-207x300.jpg\" alt='' title=''  itemprop=\"thumbnailUrl\" srcset=\"https:\/\/alejandraartiel.com\/wp-content\/uploads\/2022\/08\/121272153_10224773952440171_6165714116090423604_o-207x300.jpg 207w, https:\/\/alejandraartiel.com\/wp-content\/uploads\/2022\/08\/121272153_10224773952440171_6165714116090423604_o-707x1024.jpg 707w, https:\/\/alejandraartiel.com\/wp-content\/uploads\/2022\/08\/121272153_10224773952440171_6165714116090423604_o-487x705.jpg 487w, https:\/\/alejandraartiel.com\/wp-content\/uploads\/2022\/08\/121272153_10224773952440171_6165714116090423604_o-450x652.jpg 450w, https:\/\/alejandraartiel.com\/wp-content\/uploads\/2022\/08\/121272153_10224773952440171_6165714116090423604_o-600x869.jpg 600w, https:\/\/alejandraartiel.com\/wp-content\/uploads\/2022\/08\/121272153_10224773952440171_6165714116090423604_o.jpg 720w\" sizes=\"(max-width: 207px) 100vw, 207px\" \/><\/a><\/div><\/div><\/div><\/p><\/div>\n<div class='flex_column av-askmpm-b0a7127e4f19ef4a97a99550c8f2555f av_three_fourth  avia-builder-el-11  el_after_av_one_fourth  el_before_av_one_fourth  flex_column_div'   ><\/div>\n<div class='flex_column av-1hvh6-922e5ae048b8be856a2a8eb9a8c0ef5e av_one_fourth  avia-builder-el-13  el_after_av_three_fourth  el_before_av_three_fourth  first flex_column_div column-top-margin'   ><p>\n<style type=\"text\/css\" data-created_by=\"avia_inline_auto\" id=\"style-css-av-5mklm2-bfc9b3f809023117dce2a32084b40afc\">\n#top .hr.hr-invisible.av-5mklm2-bfc9b3f809023117dce2a32084b40afc{\nheight:25px;\n}\n<\/style>\n<div  class='hr av-5mklm2-bfc9b3f809023117dce2a32084b40afc hr-invisible  avia-builder-el-14  el_before_av_image  avia-builder-el-first'><span class='hr-inner'><span class=\"hr-inner-style\"><\/span><\/span><\/div><br \/>\n\n<style type=\"text\/css\" data-created_by=\"avia_inline_auto\" id=\"style-css-av-l6uvapi5-bfad80138e6b1888c809eca6916460dc\">\n.avia-image-container.av-l6uvapi5-bfad80138e6b1888c809eca6916460dc .av-image-caption-overlay-center{\ncolor:#ffffff;\n}\n<\/style>\n<div  class='avia-image-container av-l6uvapi5-bfad80138e6b1888c809eca6916460dc av-styling- avia-align-center  avia-builder-el-15  el_after_av_hr  avia-builder-el-last'  itemprop=\"image\" itemscope=\"itemscope\" itemtype=\"https:\/\/schema.org\/ImageObject\" ><div class=\"avia-image-container-inner\"><div class=\"avia-image-overlay-wrap\"><a href=\"https:\/\/open.spotify.com\/album\/6mnGKfc0od8Qdv3VTxfLW4?si=1d08sYq8STmx38CQfpzd6g\" class='avia_image' target=\"_blank\" rel=\"noopener noreferrer\"><img decoding=\"async\" width=\"212\" height=\"300\" class='wp-image-4511 avia-img-lazy-loading-not-4511 avia_image' src=\"https:\/\/alejandraartiel.com\/wp-content\/uploads\/2022\/08\/CARTEL-RECORDAR-212x300.jpg\" alt='' title=''  itemprop=\"thumbnailUrl\" srcset=\"https:\/\/alejandraartiel.com\/wp-content\/uploads\/2022\/08\/CARTEL-RECORDAR-212x300.jpg 212w, https:\/\/alejandraartiel.com\/wp-content\/uploads\/2022\/08\/CARTEL-RECORDAR-724x1024.jpg 724w, https:\/\/alejandraartiel.com\/wp-content\/uploads\/2022\/08\/CARTEL-RECORDAR-768x1086.jpg 768w, https:\/\/alejandraartiel.com\/wp-content\/uploads\/2022\/08\/CARTEL-RECORDAR-1086x1536.jpg 1086w, https:\/\/alejandraartiel.com\/wp-content\/uploads\/2022\/08\/CARTEL-RECORDAR-1448x2048.jpg 1448w, https:\/\/alejandraartiel.com\/wp-content\/uploads\/2022\/08\/CARTEL-RECORDAR-1060x1500.jpg 1060w, https:\/\/alejandraartiel.com\/wp-content\/uploads\/2022\/08\/CARTEL-RECORDAR-498x705.jpg 498w, https:\/\/alejandraartiel.com\/wp-content\/uploads\/2022\/08\/CARTEL-RECORDAR-450x637.jpg 450w, https:\/\/alejandraartiel.com\/wp-content\/uploads\/2022\/08\/CARTEL-RECORDAR-600x849.jpg 600w, https:\/\/alejandraartiel.com\/wp-content\/uploads\/2022\/08\/CARTEL-RECORDAR-scaled.jpg 1810w\" sizes=\"(max-width: 212px) 100vw, 212px\" \/><\/a><\/div><\/div><\/div><\/p><\/div>\n<div class='flex_column av-9t71y2-4efc98e8c5832c4ccbf5262797e3cdf1 av_three_fourth  avia-builder-el-16  el_after_av_one_fourth  el_before_av_one_fourth  flex_column_div column-top-margin'   ><\/div>\n<div class='flex_column av-1xnd3e-8f75634d1aa436731a89ee85b75edf76 av_one_fourth  avia-builder-el-18  el_after_av_three_fourth  el_before_av_three_fourth  first flex_column_div column-top-margin'   ><p>\n<style type=\"text\/css\" data-created_by=\"avia_inline_auto\" id=\"style-css-av-4g6r22-6579f011f1afae4b508039b87f550289\">\n#top .hr.hr-invisible.av-4g6r22-6579f011f1afae4b508039b87f550289{\nheight:25px;\n}\n<\/style>\n<div  class='hr av-4g6r22-6579f011f1afae4b508039b87f550289 hr-invisible  avia-builder-el-19  el_before_av_image  avia-builder-el-first'><span class='hr-inner'><span class=\"hr-inner-style\"><\/span><\/span><\/div><br \/>\n\n<style type=\"text\/css\" data-created_by=\"avia_inline_auto\" id=\"style-css-av-l6uvaxqy-66aa7a04fa16bfdf34207fac5d789bc1\">\n.avia-image-container.av-l6uvaxqy-66aa7a04fa16bfdf34207fac5d789bc1 .av-image-caption-overlay-center{\ncolor:#ffffff;\n}\n<\/style>\n<div  class='avia-image-container av-l6uvaxqy-66aa7a04fa16bfdf34207fac5d789bc1 av-styling- avia-align-center  avia-builder-el-20  el_after_av_hr  avia-builder-el-last'  itemprop=\"image\" itemscope=\"itemscope\" itemtype=\"https:\/\/schema.org\/ImageObject\" ><div class=\"avia-image-container-inner\"><div class=\"avia-image-overlay-wrap\"><a href=\"https:\/\/open.spotify.com\/album\/1LOD2epWGFLR3dw46iSj2w?si=IpIA7lhfQSSFEQWyAUkSrA\" class='avia_image' target=\"_blank\" rel=\"noopener noreferrer\"><img decoding=\"async\" width=\"240\" height=\"300\" class='wp-image-4512 avia-img-lazy-loading-not-4512 avia_image' src=\"https:\/\/alejandraartiel.com\/wp-content\/uploads\/2022\/08\/Cartel-El-Tabique-de-las-Lamentaciones-240x300.jpg\" alt='' title=''  itemprop=\"thumbnailUrl\" srcset=\"https:\/\/alejandraartiel.com\/wp-content\/uploads\/2022\/08\/Cartel-El-Tabique-de-las-Lamentaciones-240x300.jpg 240w, https:\/\/alejandraartiel.com\/wp-content\/uploads\/2022\/08\/Cartel-El-Tabique-de-las-Lamentaciones-819x1024.jpg 819w, https:\/\/alejandraartiel.com\/wp-content\/uploads\/2022\/08\/Cartel-El-Tabique-de-las-Lamentaciones-768x960.jpg 768w, https:\/\/alejandraartiel.com\/wp-content\/uploads\/2022\/08\/Cartel-El-Tabique-de-las-Lamentaciones-564x705.jpg 564w, https:\/\/alejandraartiel.com\/wp-content\/uploads\/2022\/08\/Cartel-El-Tabique-de-las-Lamentaciones-450x563.jpg 450w, https:\/\/alejandraartiel.com\/wp-content\/uploads\/2022\/08\/Cartel-El-Tabique-de-las-Lamentaciones-600x750.jpg 600w, https:\/\/alejandraartiel.com\/wp-content\/uploads\/2022\/08\/Cartel-El-Tabique-de-las-Lamentaciones.jpg 1080w\" sizes=\"(max-width: 240px) 100vw, 240px\" \/><\/a><\/div><\/div><\/div><\/p><\/div>\n<div class='flex_column av-rpl8q-c6feed6cd2dee7a5f8f88acdfab9257d av_three_fourth  avia-builder-el-21  el_after_av_one_fourth  el_before_av_one_full  flex_column_div column-top-margin'   ><\/div>\n<div class='flex_column av-2aeol6-bab7d70c9d68e6f9e9392839e2a76936 av_one_full  avia-builder-el-23  el_after_av_three_fourth  el_before_av_textblock  first flex_column_div column-top-margin'   ><p>\n<style type=\"text\/css\" data-created_by=\"avia_inline_auto\" id=\"style-css-av-m7t281zp-9a4264d57ae54073f4e5b8b79ca5bc42\">\n#top .hr.hr-invisible.av-m7t281zp-9a4264d57ae54073f4e5b8b79ca5bc42{\nheight:100px;\n}\n<\/style>\n<div  class='hr av-m7t281zp-9a4264d57ae54073f4e5b8b79ca5bc42 hr-invisible  avia-builder-el-24  el_before_av_image  avia-builder-el-first'><span class='hr-inner'><span class=\"hr-inner-style\"><\/span><\/span><\/div><br \/>\n\n<style type=\"text\/css\" data-created_by=\"avia_inline_auto\" id=\"style-css-av-m7t22dz5-ef1da3f5cc9381abd67bb1d21e7e74cc\">\n.avia-image-container.av-m7t22dz5-ef1da3f5cc9381abd67bb1d21e7e74cc .av-image-caption-overlay-center{\ncolor:#ffffff;\n}\n<\/style>\n<div  class='avia-image-container av-m7t22dz5-ef1da3f5cc9381abd67bb1d21e7e74cc av-styling- avia-align-center  avia-builder-el-25  el_after_av_hr  el_before_av_hr'  itemprop=\"image\" itemscope=\"itemscope\" itemtype=\"https:\/\/schema.org\/ImageObject\" ><div class=\"avia-image-container-inner\"><div class=\"avia-image-overlay-wrap\"><img decoding=\"async\" class='wp-image-4736 avia-img-lazy-loading-not-4736 avia_image' src=\"https:\/\/alejandraartiel.com\/wp-content\/uploads\/2025\/03\/12-Photoroom-e1741004992462.png\" alt='' title=''  height=\"188\" width=\"1280\"  itemprop=\"thumbnailUrl\" srcset=\"https:\/\/alejandraartiel.com\/wp-content\/uploads\/2025\/03\/12-Photoroom-e1741004992462.png 1280w, https:\/\/alejandraartiel.com\/wp-content\/uploads\/2025\/03\/12-Photoroom-e1741004992462-300x51.png 300w, https:\/\/alejandraartiel.com\/wp-content\/uploads\/2025\/03\/12-Photoroom-e1741004992462-1024x174.png 1024w, https:\/\/alejandraartiel.com\/wp-content\/uploads\/2025\/03\/12-Photoroom-e1741004992462-768x131.png 768w, https:\/\/alejandraartiel.com\/wp-content\/uploads\/2025\/03\/12-Photoroom-e1741004992462-18x3.png 18w, https:\/\/alejandraartiel.com\/wp-content\/uploads\/2025\/03\/12-Photoroom-e1741004992462-705x120.png 705w, https:\/\/alejandraartiel.com\/wp-content\/uploads\/2025\/03\/12-Photoroom-e1741004992462-450x77.png 450w, https:\/\/alejandraartiel.com\/wp-content\/uploads\/2025\/03\/12-Photoroom-e1741004992462-600x102.png 600w\" sizes=\"(max-width: 1280px) 100vw, 1280px\" \/><\/div><\/div><\/div><br \/>\n\n<style type=\"text\/css\" data-created_by=\"avia_inline_auto\" id=\"style-css-av-m7t28omc-86c5d133164284fa3f68303cfa48041b\">\n#top .hr.hr-invisible.av-m7t28omc-86c5d133164284fa3f68303cfa48041b{\nheight:50px;\n}\n<\/style>\n<div  class='hr av-m7t28omc-86c5d133164284fa3f68303cfa48041b hr-invisible  avia-builder-el-26  el_after_av_image  avia-builder-el-last'><span class='hr-inner'><span class=\"hr-inner-style\"><\/span><\/span><\/div><\/p><\/div><section  class='av_textblock_section av-mai5e3c2-353ac6203a2086f9407252422f3535ca'  itemscope=\"itemscope\" itemtype=\"https:\/\/schema.org\/CreativeWork\" ><div class='avia_textblock'  itemprop=\"text\" ><h6 style=\"text-align: justify;\"><span style=\"color: #ffffff;\"> From my Ceuta, when the sun begins to set and the sky turns gold and purple, a silhouette dominates the horizon: the serene and powerful profile of Yebel Musa (the Rif mountain range), which we locals call the Sleeping Woman. But she is not dead\u2014she is only sleeping.<\/p>\n<p>Cradling the neighborhood of Benz\u00fa, legend has it that she has been asleep for centuries, since the time when gods and heroes wove stories from mountains and seas. Some say she was a lover betrayed by Hercules, turned to stone as punishment or redemption. Others claim she is Atlas himself, the fallen titan, turned to stone after centuries of holding up the heavens.<\/p>\n<p>The ancients saw in her sleeping form one of the pillars that held up the world, the same pillars Hercules separated to open a path between the Atlantic and the Mediterranean. On the clearest days, it seems as if she breathes, as though beneath the veil of mist that shrouds the Strait, she still holds the pulse of ancient myths.<\/p>\n<p>Dedicated to my hometown, Ceuta\u2014a city with one of the most beautiful horizons.<\/p>\n<p><\/span><\/h6>\n<\/div><\/section><\/p>\n<div class='flex_column av-5lu0tm-8934a0888476c3147019fd2c1ec20316 av_one_third  avia-builder-el-28  el_after_av_textblock  el_before_av_two_third  first flex_column_div column-top-margin'   ><p>\n<style type=\"text\/css\" data-created_by=\"avia_inline_auto\" id=\"style-css-av-av_hr-50edc9949d927eab467680f201044eec\">\n#top .hr.hr-invisible.av-av_hr-50edc9949d927eab467680f201044eec{\nheight:25px;\n}\n<\/style>\n<div  class='hr av-av_hr-50edc9949d927eab467680f201044eec hr-invisible  avia-builder-el-29  el_before_av_image  avia-builder-el-first'><span class='hr-inner'><span class=\"hr-inner-style\"><\/span><\/span><\/div><br \/>\n\n<style type=\"text\/css\" data-created_by=\"avia_inline_auto\" id=\"style-css-av-mai4zvn9-264b842758cb6a223a0f4f443c7eb34d\">\n.avia-image-container.av-mai4zvn9-264b842758cb6a223a0f4f443c7eb34d .av-image-caption-overlay-center{\ncolor:#ffffff;\n}\n<\/style>\n<div  class='avia-image-container av-mai4zvn9-264b842758cb6a223a0f4f443c7eb34d av-styling- avia-align-center  avia-builder-el-30  el_after_av_hr  avia-builder-el-last'  itemprop=\"image\" itemscope=\"itemscope\" itemtype=\"https:\/\/schema.org\/ImageObject\" ><div class=\"avia-image-container-inner\"><div class=\"avia-image-overlay-wrap\"><img decoding=\"async\" class='wp-image-5099 avia-img-lazy-loading-not-5099 avia_image' src=\"https:\/\/alejandraartiel.com\/wp-content\/uploads\/2025\/05\/El-atlante-dormido-Post-de-Instagram-45-1080-x-1080-px.png\" alt='' title=''  height=\"1080\" width=\"1080\"  itemprop=\"thumbnailUrl\" srcset=\"https:\/\/alejandraartiel.com\/wp-content\/uploads\/2025\/05\/El-atlante-dormido-Post-de-Instagram-45-1080-x-1080-px.png 1080w, https:\/\/alejandraartiel.com\/wp-content\/uploads\/2025\/05\/El-atlante-dormido-Post-de-Instagram-45-1080-x-1080-px-300x300.png 300w, https:\/\/alejandraartiel.com\/wp-content\/uploads\/2025\/05\/El-atlante-dormido-Post-de-Instagram-45-1080-x-1080-px-1024x1024.png 1024w, https:\/\/alejandraartiel.com\/wp-content\/uploads\/2025\/05\/El-atlante-dormido-Post-de-Instagram-45-1080-x-1080-px-150x150.png 150w, https:\/\/alejandraartiel.com\/wp-content\/uploads\/2025\/05\/El-atlante-dormido-Post-de-Instagram-45-1080-x-1080-px-768x768.png 768w, https:\/\/alejandraartiel.com\/wp-content\/uploads\/2025\/05\/El-atlante-dormido-Post-de-Instagram-45-1080-x-1080-px-12x12.png 12w, https:\/\/alejandraartiel.com\/wp-content\/uploads\/2025\/05\/El-atlante-dormido-Post-de-Instagram-45-1080-x-1080-px-36x36.png 36w, https:\/\/alejandraartiel.com\/wp-content\/uploads\/2025\/05\/El-atlante-dormido-Post-de-Instagram-45-1080-x-1080-px-180x180.png 180w, https:\/\/alejandraartiel.com\/wp-content\/uploads\/2025\/05\/El-atlante-dormido-Post-de-Instagram-45-1080-x-1080-px-705x705.png 705w, https:\/\/alejandraartiel.com\/wp-content\/uploads\/2025\/05\/El-atlante-dormido-Post-de-Instagram-45-1080-x-1080-px-120x120.png 120w, https:\/\/alejandraartiel.com\/wp-content\/uploads\/2025\/05\/El-atlante-dormido-Post-de-Instagram-45-1080-x-1080-px-450x450.png 450w, https:\/\/alejandraartiel.com\/wp-content\/uploads\/2025\/05\/El-atlante-dormido-Post-de-Instagram-45-1080-x-1080-px-600x600.png 600w, https:\/\/alejandraartiel.com\/wp-content\/uploads\/2025\/05\/El-atlante-dormido-Post-de-Instagram-45-1080-x-1080-px-100x100.png 100w\" sizes=\"(max-width: 1080px) 100vw, 1080px\" \/><\/div><\/div><\/div><\/p><\/div><div class='flex_column av-2e82kq-42abdc2f01c52986307a9e8e413978fe av_two_third  avia-builder-el-31  el_after_av_one_third  el_before_av_hr  flex_column_div column-top-margin'   ><p>\n<style type=\"text\/css\" data-created_by=\"avia_inline_auto\" id=\"style-css-av-4huc4a-5abdc3a801d30f10e4749b5f664f2fac\">\n#top .hr.hr-invisible.av-4huc4a-5abdc3a801d30f10e4749b5f664f2fac{\nheight:50px;\n}\n<\/style>\n<div  class='hr av-4huc4a-5abdc3a801d30f10e4749b5f664f2fac hr-invisible  avia-builder-el-32  el_before_av_codeblock  avia-builder-el-first'><span class='hr-inner'><span class=\"hr-inner-style\"><\/span><\/span><\/div><br \/>\n<\/p><\/div>\n<style type=\"text\/css\" data-created_by=\"avia_inline_auto\" id=\"style-css-av-mai5kjxo-5bb44abd92d76f48fa80705867937910\">\n#top .hr.hr-invisible.av-mai5kjxo-5bb44abd92d76f48fa80705867937910{\nheight:100px;\n}\n<\/style>\n<div  class='hr av-mai5kjxo-5bb44abd92d76f48fa80705867937910 hr-invisible  avia-builder-el-34  el_after_av_two_third  avia-builder-el-last'><span class='hr-inner'><span class=\"hr-inner-style\"><\/span><\/span><\/div><\/p>","protected":false},"excerpt":{"rendered":"","protected":false},"author":1,"featured_media":0,"parent":0,"menu_order":0,"comment_status":"closed","ping_status":"closed","template":"","meta":{"footnotes":""},"class_list":["post-3562","page","type-page","status-publish","hentry"],"_links":{"self":[{"href":"https:\/\/alejandraartiel.com\/en\/wp-json\/wp\/v2\/pages\/3562","targetHints":{"allow":["GET"]}}],"collection":[{"href":"https:\/\/alejandraartiel.com\/en\/wp-json\/wp\/v2\/pages"}],"about":[{"href":"https:\/\/alejandraartiel.com\/en\/wp-json\/wp\/v2\/types\/page"}],"author":[{"embeddable":true,"href":"https:\/\/alejandraartiel.com\/en\/wp-json\/wp\/v2\/users\/1"}],"replies":[{"embeddable":true,"href":"https:\/\/alejandraartiel.com\/en\/wp-json\/wp\/v2\/comments?post=3562"}],"version-history":[{"count":66,"href":"https:\/\/alejandraartiel.com\/en\/wp-json\/wp\/v2\/pages\/3562\/revisions"}],"predecessor-version":[{"id":5116,"href":"https:\/\/alejandraartiel.com\/en\/wp-json\/wp\/v2\/pages\/3562\/revisions\/5116"}],"wp:attachment":[{"href":"https:\/\/alejandraartiel.com\/en\/wp-json\/wp\/v2\/media?parent=3562"}],"curies":[{"name":"wp","href":"https:\/\/api.w.org\/{rel}","templated":true}]}}